{"id":14309,"date":"2025-07-15T00:15:02","date_gmt":"2025-07-15T00:15:02","guid":{"rendered":"https:\/\/hsgt.nl\/?post_type=product&#038;p=14309"},"modified":"2025-07-15T00:22:32","modified_gmt":"2025-07-15T00:22:32","slug":"noix-melangees-acidulees","status":"publish","type":"product","link":"https:\/\/hsgt.nl\/fr\/produit\/noix-melangees-acidulees\/","title":{"rendered":"Noix m\u00e9lang\u00e9es acidul\u00e9es"},"content":{"rendered":"<p>Noix m\u00e9lang\u00e9es acidul\u00e9es<\/p>\n","protected":false},"excerpt":{"rendered":"<p>8835589449596<\/p>\n","protected":false},"featured_media":15491,"template":"","meta":[],"product_brand":[],"product_cat":[111,241,524],"product_tag":[],"class_list":{"0":"post-14309","1":"product","2":"type-product","3":"status-publish","4":"has-post-thumbnail","6":"product_cat-vente-au-detail","7":"product_cat-nuts-fr","8":"product_cat-nuts-fr-2","10":"first","11":"instock","12":"sale","13":"featured","14":"shipping-taxable","15":"purchasable","16":"product-type-simple"},"_links":{"self":[{"href":"https:\/\/hsgt.nl\/fr\/wp-json\/wp\/v2\/product\/14309","targetHints":{"allow":["GET"]}}],"collection":[{"href":"https:\/\/hsgt.nl\/fr\/wp-json\/wp\/v2\/product"}],"about":[{"href":"https:\/\/hsgt.nl\/fr\/wp-json\/wp\/v2\/types\/product"}],"wp:featuredmedia":[{"embeddable":true,"href":"https:\/\/hsgt.nl\/fr\/wp-json\/wp\/v2\/media\/15491"}],"wp:attachment":[{"href":"https:\/\/hsgt.nl\/fr\/wp-json\/wp\/v2\/media?parent=14309"}],"wp:term":[{"taxonomy":"product_brand","embeddable":true,"href":"https:\/\/hsgt.nl\/fr\/wp-json\/wp\/v2\/product_brand?post=14309"},{"taxonomy":"product_cat","embeddable":true,"href":"https:\/\/hsgt.nl\/fr\/wp-json\/wp\/v2\/product_cat?post=14309"},{"taxonomy":"product_tag","embeddable":true,"href":"https:\/\/hsgt.nl\/fr\/wp-json\/wp\/v2\/product_tag?post=14309"}],"curies":[{"name":"wp","href":"https:\/\/api.w.org\/{rel}","templated":true}]}}