{"id":14654,"date":"2025-07-18T08:18:10","date_gmt":"2025-07-18T08:18:10","guid":{"rendered":"https:\/\/hsgt.nl\/?post_type=product&#038;p=14654"},"modified":"2025-07-18T08:44:05","modified_gmt":"2025-07-18T08:44:05","slug":"oleastre-seche","status":"publish","type":"product","link":"https:\/\/hsgt.nl\/fr\/produit\/oleastre-seche\/","title":{"rendered":"Ol\u00e9astre s\u00e9ch\u00e9"},"content":{"rendered":"<p>Ol\u00e9astre s\u00e9ch\u00e9<\/p>\n","protected":false},"excerpt":{"rendered":"<p>8995589499596<\/p>\n","protected":false},"featured_media":14664,"template":"","meta":[],"product_brand":[],"product_cat":[111,241,524],"product_tag":[],"class_list":{"0":"post-14654","1":"product","2":"type-product","3":"status-publish","4":"has-post-thumbnail","6":"product_cat-vente-au-detail","7":"product_cat-nuts-fr","8":"product_cat-nuts-fr-2","10":"first","11":"instock","12":"sale","13":"featured","14":"shipping-taxable","15":"purchasable","16":"product-type-simple"},"_links":{"self":[{"href":"https:\/\/hsgt.nl\/fr\/wp-json\/wp\/v2\/product\/14654","targetHints":{"allow":["GET"]}}],"collection":[{"href":"https:\/\/hsgt.nl\/fr\/wp-json\/wp\/v2\/product"}],"about":[{"href":"https:\/\/hsgt.nl\/fr\/wp-json\/wp\/v2\/types\/product"}],"wp:featuredmedia":[{"embeddable":true,"href":"https:\/\/hsgt.nl\/fr\/wp-json\/wp\/v2\/media\/14664"}],"wp:attachment":[{"href":"https:\/\/hsgt.nl\/fr\/wp-json\/wp\/v2\/media?parent=14654"}],"wp:term":[{"taxonomy":"product_brand","embeddable":true,"href":"https:\/\/hsgt.nl\/fr\/wp-json\/wp\/v2\/product_brand?post=14654"},{"taxonomy":"product_cat","embeddable":true,"href":"https:\/\/hsgt.nl\/fr\/wp-json\/wp\/v2\/product_cat?post=14654"},{"taxonomy":"product_tag","embeddable":true,"href":"https:\/\/hsgt.nl\/fr\/wp-json\/wp\/v2\/product_tag?post=14654"}],"curies":[{"name":"wp","href":"https:\/\/api.w.org\/{rel}","templated":true}]}}