{"id":4140,"date":"2024-11-07T14:00:29","date_gmt":"2024-11-07T14:00:29","guid":{"rendered":"https:\/\/hsgt.nl\/product\/riz-iranien-1\/"},"modified":"2025-01-18T15:09:11","modified_gmt":"2025-01-18T15:09:11","slug":"riz-iranien-tarom-premiere-recolte","status":"publish","type":"product","link":"https:\/\/hsgt.nl\/fr\/produit\/riz-iranien-tarom-premiere-recolte\/","title":{"rendered":"Riz Iranien Tarom Premi\u00e8re R\u00e9colte"},"content":{"rendered":"<p>Riz Iranien Tarom Premi\u00e8re R\u00e9colte<\/p>\n","protected":false},"excerpt":{"rendered":"<p>8720589449688<\/p>\n","protected":false},"featured_media":8870,"template":"","meta":[],"product_brand":[],"product_cat":[111,206],"product_tag":[],"class_list":{"0":"post-4140","1":"product","2":"type-product","3":"status-publish","4":"has-post-thumbnail","6":"product_cat-vente-au-detail","7":"product_cat-riz-fr","9":"first","10":"instock","11":"sale","12":"featured","13":"shipping-taxable","14":"purchasable","15":"product-type-simple"},"_links":{"self":[{"href":"https:\/\/hsgt.nl\/fr\/wp-json\/wp\/v2\/product\/4140","targetHints":{"allow":["GET"]}}],"collection":[{"href":"https:\/\/hsgt.nl\/fr\/wp-json\/wp\/v2\/product"}],"about":[{"href":"https:\/\/hsgt.nl\/fr\/wp-json\/wp\/v2\/types\/product"}],"wp:featuredmedia":[{"embeddable":true,"href":"https:\/\/hsgt.nl\/fr\/wp-json\/wp\/v2\/media\/8870"}],"wp:attachment":[{"href":"https:\/\/hsgt.nl\/fr\/wp-json\/wp\/v2\/media?parent=4140"}],"wp:term":[{"taxonomy":"product_brand","embeddable":true,"href":"https:\/\/hsgt.nl\/fr\/wp-json\/wp\/v2\/product_brand?post=4140"},{"taxonomy":"product_cat","embeddable":true,"href":"https:\/\/hsgt.nl\/fr\/wp-json\/wp\/v2\/product_cat?post=4140"},{"taxonomy":"product_tag","embeddable":true,"href":"https:\/\/hsgt.nl\/fr\/wp-json\/wp\/v2\/product_tag?post=4140"}],"curies":[{"name":"wp","href":"https:\/\/api.w.org\/{rel}","templated":true}]}}