{"id":10989,"date":"2025-01-16T23:11:39","date_gmt":"2025-01-16T23:11:39","guid":{"rendered":"https:\/\/hsgt.nl\/?post_type=product&#038;p=10989"},"modified":"2025-01-21T00:14:42","modified_gmt":"2025-01-21T00:14:42","slug":"aalam-konserve-yahni-patlicanli-gheimeh-toptan-satis","status":"publish","type":"product","link":"https:\/\/hsgt.nl\/tr\/urun\/aalam-konserve-yahni-patlicanli-gheimeh-toptan-satis\/","title":{"rendered":"Aalam Konserve Yahni Patl\u0131canl\u0131 Gheimeh Toptan Sat\u0131\u015f"},"content":{"rendered":"<p>Aalam Konserve Yahni Patl\u0131canl\u0131 Gheimeh Toptan Sat\u0131\u015f<\/p>\n","protected":false},"excerpt":{"rendered":"<p>8720892380517<\/p>\n","protected":false},"featured_media":11766,"template":"","meta":[],"product_brand":[],"product_cat":[506,278],"product_tag":[],"class_list":{"0":"post-10989","1":"product","2":"type-product","3":"status-publish","4":"has-post-thumbnail","6":"product_cat-konserve-urunler-tr","7":"product_cat-toptan-satis","9":"first","10":"instock","11":"featured","12":"shipping-taxable","13":"purchasable","14":"product-type-simple"},"_links":{"self":[{"href":"https:\/\/hsgt.nl\/tr\/wp-json\/wp\/v2\/product\/10989","targetHints":{"allow":["GET"]}}],"collection":[{"href":"https:\/\/hsgt.nl\/tr\/wp-json\/wp\/v2\/product"}],"about":[{"href":"https:\/\/hsgt.nl\/tr\/wp-json\/wp\/v2\/types\/product"}],"wp:featuredmedia":[{"embeddable":true,"href":"https:\/\/hsgt.nl\/tr\/wp-json\/wp\/v2\/media\/11766"}],"wp:attachment":[{"href":"https:\/\/hsgt.nl\/tr\/wp-json\/wp\/v2\/media?parent=10989"}],"wp:term":[{"taxonomy":"product_brand","embeddable":true,"href":"https:\/\/hsgt.nl\/tr\/wp-json\/wp\/v2\/product_brand?post=10989"},{"taxonomy":"product_cat","embeddable":true,"href":"https:\/\/hsgt.nl\/tr\/wp-json\/wp\/v2\/product_cat?post=10989"},{"taxonomy":"product_tag","embeddable":true,"href":"https:\/\/hsgt.nl\/tr\/wp-json\/wp\/v2\/product_tag?post=10989"}],"curies":[{"name":"wp","href":"https:\/\/api.w.org\/{rel}","templated":true}]}}