{"id":12453,"date":"2025-01-19T17:41:52","date_gmt":"2025-01-19T17:41:52","guid":{"rendered":"https:\/\/hsgt.nl\/?post_type=product&#038;p=12453"},"modified":"2025-01-19T18:20:04","modified_gmt":"2025-01-19T18:20:04","slug":"aalam-paketlenmis-kirmizi-fasulye-toptan-satis","status":"publish","type":"product","link":"https:\/\/hsgt.nl\/tr\/urun\/aalam-paketlenmis-kirmizi-fasulye-toptan-satis\/","title":{"rendered":"Aalam Paketlenmi\u015f K\u0131rm\u0131z\u0131 Fasulye Toptan Sat\u0131\u015f"},"content":{"rendered":"<p>Aalam Paketlenmi\u015f K\u0131rm\u0131z\u0131 Fasulye Toptan Sat\u0131\u015f<\/p>\n","protected":false},"excerpt":{"rendered":"<p>8720589449893<\/p>\n","protected":false},"featured_media":12648,"template":"","meta":[],"product_brand":[],"product_cat":[543,278],"product_tag":[],"class_list":{"0":"post-12453","1":"product","2":"type-product","3":"status-publish","4":"has-post-thumbnail","6":"product_cat-baklagiller-tr","7":"product_cat-toptan-satis","9":"first","10":"instock","11":"featured","12":"shipping-taxable","13":"purchasable","14":"product-type-simple"},"_links":{"self":[{"href":"https:\/\/hsgt.nl\/tr\/wp-json\/wp\/v2\/product\/12453","targetHints":{"allow":["GET"]}}],"collection":[{"href":"https:\/\/hsgt.nl\/tr\/wp-json\/wp\/v2\/product"}],"about":[{"href":"https:\/\/hsgt.nl\/tr\/wp-json\/wp\/v2\/types\/product"}],"wp:featuredmedia":[{"embeddable":true,"href":"https:\/\/hsgt.nl\/tr\/wp-json\/wp\/v2\/media\/12648"}],"wp:attachment":[{"href":"https:\/\/hsgt.nl\/tr\/wp-json\/wp\/v2\/media?parent=12453"}],"wp:term":[{"taxonomy":"product_brand","embeddable":true,"href":"https:\/\/hsgt.nl\/tr\/wp-json\/wp\/v2\/product_brand?post=12453"},{"taxonomy":"product_cat","embeddable":true,"href":"https:\/\/hsgt.nl\/tr\/wp-json\/wp\/v2\/product_cat?post=12453"},{"taxonomy":"product_tag","embeddable":true,"href":"https:\/\/hsgt.nl\/tr\/wp-json\/wp\/v2\/product_tag?post=12453"}],"curies":[{"name":"wp","href":"https:\/\/api.w.org\/{rel}","templated":true}]}}