{"id":12897,"date":"2025-01-20T12:24:14","date_gmt":"2025-01-20T12:24:14","guid":{"rendered":"https:\/\/hsgt.nl\/?post_type=product&#038;p=12897"},"modified":"2025-01-20T13:58:59","modified_gmt":"2025-01-20T13:58:59","slug":"aalam-karisik-tursu-2-3kg","status":"publish","type":"product","link":"https:\/\/hsgt.nl\/tr\/urun\/aalam-karisik-tursu-2-3kg\/","title":{"rendered":"Aalam Kar\u0131\u015f\u0131k Tur\u015fu 2.3KG"},"content":{"rendered":"<p>Aalam Kar\u0131\u015f\u0131k Tur\u015fu 2.3KG<\/p>\n","protected":false},"excerpt":{"rendered":"<p>8720589449572<\/p>\n","protected":false},"featured_media":10246,"template":"","meta":[],"product_brand":[],"product_cat":[294,271],"product_tag":[],"class_list":{"0":"post-12897","1":"product","2":"type-product","3":"status-publish","4":"has-post-thumbnail","6":"product_cat-tursu","7":"product_cat-perakende","9":"first","10":"instock","11":"sale","12":"featured","13":"shipping-taxable","14":"purchasable","15":"product-type-simple"},"_links":{"self":[{"href":"https:\/\/hsgt.nl\/tr\/wp-json\/wp\/v2\/product\/12897","targetHints":{"allow":["GET"]}}],"collection":[{"href":"https:\/\/hsgt.nl\/tr\/wp-json\/wp\/v2\/product"}],"about":[{"href":"https:\/\/hsgt.nl\/tr\/wp-json\/wp\/v2\/types\/product"}],"wp:featuredmedia":[{"embeddable":true,"href":"https:\/\/hsgt.nl\/tr\/wp-json\/wp\/v2\/media\/10246"}],"wp:attachment":[{"href":"https:\/\/hsgt.nl\/tr\/wp-json\/wp\/v2\/media?parent=12897"}],"wp:term":[{"taxonomy":"product_brand","embeddable":true,"href":"https:\/\/hsgt.nl\/tr\/wp-json\/wp\/v2\/product_brand?post=12897"},{"taxonomy":"product_cat","embeddable":true,"href":"https:\/\/hsgt.nl\/tr\/wp-json\/wp\/v2\/product_cat?post=12897"},{"taxonomy":"product_tag","embeddable":true,"href":"https:\/\/hsgt.nl\/tr\/wp-json\/wp\/v2\/product_tag?post=12897"}],"curies":[{"name":"wp","href":"https:\/\/api.w.org\/{rel}","templated":true}]}}