{"id":14193,"date":"2025-07-14T22:48:15","date_gmt":"2025-07-14T22:48:15","guid":{"rendered":"https:\/\/hsgt.nl\/?post_type=product&#038;p=14193"},"modified":"2025-07-14T23:01:51","modified_gmt":"2025-07-14T23:01:51","slug":"cam-fistigi","status":"publish","type":"product","link":"https:\/\/hsgt.nl\/tr\/urun\/cam-fistigi\/","title":{"rendered":"\u00c7am f\u0131st\u0131\u011f\u0131"},"content":{"rendered":"<p>\u00c7am f\u0131st\u0131\u011f\u0131<\/p>\n","protected":false},"excerpt":{"rendered":"<p>8765589449596<\/p>\n","protected":false},"featured_media":14200,"template":"","meta":[],"product_brand":[],"product_cat":[271,273,527],"product_tag":[],"class_list":{"0":"post-14193","1":"product","2":"type-product","3":"status-publish","4":"has-post-thumbnail","6":"product_cat-perakende","7":"product_cat-findik","8":"product_cat-findik-tr","10":"first","11":"instock","12":"sale","13":"featured","14":"shipping-taxable","15":"purchasable","16":"product-type-simple"},"_links":{"self":[{"href":"https:\/\/hsgt.nl\/tr\/wp-json\/wp\/v2\/product\/14193","targetHints":{"allow":["GET"]}}],"collection":[{"href":"https:\/\/hsgt.nl\/tr\/wp-json\/wp\/v2\/product"}],"about":[{"href":"https:\/\/hsgt.nl\/tr\/wp-json\/wp\/v2\/types\/product"}],"wp:featuredmedia":[{"embeddable":true,"href":"https:\/\/hsgt.nl\/tr\/wp-json\/wp\/v2\/media\/14200"}],"wp:attachment":[{"href":"https:\/\/hsgt.nl\/tr\/wp-json\/wp\/v2\/media?parent=14193"}],"wp:term":[{"taxonomy":"product_brand","embeddable":true,"href":"https:\/\/hsgt.nl\/tr\/wp-json\/wp\/v2\/product_brand?post=14193"},{"taxonomy":"product_cat","embeddable":true,"href":"https:\/\/hsgt.nl\/tr\/wp-json\/wp\/v2\/product_cat?post=14193"},{"taxonomy":"product_tag","embeddable":true,"href":"https:\/\/hsgt.nl\/tr\/wp-json\/wp\/v2\/product_tag?post=14193"}],"curies":[{"name":"wp","href":"https:\/\/api.w.org\/{rel}","templated":true}]}}