{"id":14659,"date":"2025-07-18T08:18:10","date_gmt":"2025-07-18T08:18:10","guid":{"rendered":"https:\/\/hsgt.nl\/?post_type=product&#038;p=14659"},"modified":"2025-07-18T08:44:52","modified_gmt":"2025-07-18T08:44:52","slug":"kurutulmus-igde","status":"publish","type":"product","link":"https:\/\/hsgt.nl\/tr\/urun\/kurutulmus-igde\/","title":{"rendered":"Kurutulmu\u015f i\u011fde"},"content":{"rendered":"<p>Kurutulmu\u015f i\u011fde<\/p>\n","protected":false},"excerpt":{"rendered":"<p>8995589499596<\/p>\n","protected":false},"featured_media":14667,"template":"","meta":[],"product_brand":[],"product_cat":[271,273,527],"product_tag":[],"class_list":{"0":"post-14659","1":"product","2":"type-product","3":"status-publish","4":"has-post-thumbnail","6":"product_cat-perakende","7":"product_cat-findik","8":"product_cat-findik-tr","10":"first","11":"instock","12":"sale","13":"featured","14":"shipping-taxable","15":"purchasable","16":"product-type-simple"},"_links":{"self":[{"href":"https:\/\/hsgt.nl\/tr\/wp-json\/wp\/v2\/product\/14659","targetHints":{"allow":["GET"]}}],"collection":[{"href":"https:\/\/hsgt.nl\/tr\/wp-json\/wp\/v2\/product"}],"about":[{"href":"https:\/\/hsgt.nl\/tr\/wp-json\/wp\/v2\/types\/product"}],"wp:featuredmedia":[{"embeddable":true,"href":"https:\/\/hsgt.nl\/tr\/wp-json\/wp\/v2\/media\/14667"}],"wp:attachment":[{"href":"https:\/\/hsgt.nl\/tr\/wp-json\/wp\/v2\/media?parent=14659"}],"wp:term":[{"taxonomy":"product_brand","embeddable":true,"href":"https:\/\/hsgt.nl\/tr\/wp-json\/wp\/v2\/product_brand?post=14659"},{"taxonomy":"product_cat","embeddable":true,"href":"https:\/\/hsgt.nl\/tr\/wp-json\/wp\/v2\/product_cat?post=14659"},{"taxonomy":"product_tag","embeddable":true,"href":"https:\/\/hsgt.nl\/tr\/wp-json\/wp\/v2\/product_tag?post=14659"}],"curies":[{"name":"wp","href":"https:\/\/api.w.org\/{rel}","templated":true}]}}