{"id":5700,"date":"2024-11-07T14:36:10","date_gmt":"2024-11-07T14:36:10","guid":{"rendered":"https:\/\/hsgt.nl\/product\/soyulmus-sarimsak-tursusu\/"},"modified":"2025-01-20T15:42:31","modified_gmt":"2025-01-20T15:42:31","slug":"aalam-beyaz-sarimsak-tursusu","status":"publish","type":"product","link":"https:\/\/hsgt.nl\/tr\/urun\/aalam-beyaz-sarimsak-tursusu\/","title":{"rendered":"Aalam Beyaz Sar\u0131msak Tur\u015fusu"},"content":{"rendered":"<p>Aalam Beyaz Sar\u0131msak Tur\u015fusu<\/p>\n","protected":false},"excerpt":{"rendered":"<p>8720589449046<\/p>\n","protected":false},"featured_media":10305,"template":"","meta":[],"product_brand":[],"product_cat":[294,271],"product_tag":[],"class_list":{"0":"post-5700","1":"product","2":"type-product","3":"status-publish","4":"has-post-thumbnail","6":"product_cat-tursu","7":"product_cat-perakende","9":"first","10":"instock","11":"sale","12":"featured","13":"shipping-taxable","14":"purchasable","15":"product-type-simple"},"_links":{"self":[{"href":"https:\/\/hsgt.nl\/tr\/wp-json\/wp\/v2\/product\/5700","targetHints":{"allow":["GET"]}}],"collection":[{"href":"https:\/\/hsgt.nl\/tr\/wp-json\/wp\/v2\/product"}],"about":[{"href":"https:\/\/hsgt.nl\/tr\/wp-json\/wp\/v2\/types\/product"}],"wp:featuredmedia":[{"embeddable":true,"href":"https:\/\/hsgt.nl\/tr\/wp-json\/wp\/v2\/media\/10305"}],"wp:attachment":[{"href":"https:\/\/hsgt.nl\/tr\/wp-json\/wp\/v2\/media?parent=5700"}],"wp:term":[{"taxonomy":"product_brand","embeddable":true,"href":"https:\/\/hsgt.nl\/tr\/wp-json\/wp\/v2\/product_brand?post=5700"},{"taxonomy":"product_cat","embeddable":true,"href":"https:\/\/hsgt.nl\/tr\/wp-json\/wp\/v2\/product_cat?post=5700"},{"taxonomy":"product_tag","embeddable":true,"href":"https:\/\/hsgt.nl\/tr\/wp-json\/wp\/v2\/product_tag?post=5700"}],"curies":[{"name":"wp","href":"https:\/\/api.w.org\/{rel}","templated":true}]}}